{"id":40,"date":"2020-12-18T17:11:34","date_gmt":"2020-12-18T17:11:34","guid":{"rendered":"https:\/\/loszuecos.com\/?page_id=40"},"modified":"2021-01-03T14:59:21","modified_gmt":"2021-01-03T14:59:21","slug":"welcome-at-https-loszuecos-com-2","status":"publish","type":"page","link":"https:\/\/loszuecos.com\/?page_id=40&lang=es","title":{"rendered":"Bienvenida"},"content":{"rendered":"\n<p><\/p>\n\n\n\n<div class=\"wp-block-image\"><figure class=\"alignleft size-medium is-resized\"><img loading=\"lazy\" decoding=\"async\" data-attachment-id=\"84\" data-permalink=\"https:\/\/loszuecos.com\/?attachment_id=84\" data-orig-file=\"https:\/\/i0.wp.com\/loszuecos.com\/wp-content\/uploads\/2020\/12\/40A3D1FA-0481-429A-B682-3E2A8BDBD9AE.jpeg?fit=2048%2C1536&amp;ssl=1\" data-orig-size=\"2048,1536\" data-comments-opened=\"1\" data-image-meta=\"{&quot;aperture&quot;:&quot;0&quot;,&quot;credit&quot;:&quot;&quot;,&quot;camera&quot;:&quot;&quot;,&quot;caption&quot;:&quot;&quot;,&quot;created_timestamp&quot;:&quot;0&quot;,&quot;copyright&quot;:&quot;&quot;,&quot;focal_length&quot;:&quot;0&quot;,&quot;iso&quot;:&quot;0&quot;,&quot;shutter_speed&quot;:&quot;0&quot;,&quot;title&quot;:&quot;&quot;,&quot;orientation&quot;:&quot;1&quot;}\" data-image-title=\"40A3D1FA-0481-429A-B682-3E2A8BDBD9AE\" data-image-description=\"\" data-image-caption=\"\" data-medium-file=\"https:\/\/i0.wp.com\/loszuecos.com\/wp-content\/uploads\/2020\/12\/40A3D1FA-0481-429A-B682-3E2A8BDBD9AE.jpeg?fit=300%2C225&amp;ssl=1\" data-large-file=\"https:\/\/i0.wp.com\/loszuecos.com\/wp-content\/uploads\/2020\/12\/40A3D1FA-0481-429A-B682-3E2A8BDBD9AE.jpeg?fit=1024%2C768&amp;ssl=1\" src=\"https:\/\/i0.wp.com\/loszuecos.com\/wp-content\/uploads\/2020\/12\/40A3D1FA-0481-429A-B682-3E2A8BDBD9AE.jpeg?resize=553%2C416&#038;ssl=1\" alt=\"\" class=\"wp-image-84\" width=\"553\" height=\"416\" srcset=\"https:\/\/i0.wp.com\/loszuecos.com\/wp-content\/uploads\/2020\/12\/40A3D1FA-0481-429A-B682-3E2A8BDBD9AE.jpeg?resize=300%2C225&amp;ssl=1 300w, https:\/\/i0.wp.com\/loszuecos.com\/wp-content\/uploads\/2020\/12\/40A3D1FA-0481-429A-B682-3E2A8BDBD9AE.jpeg?resize=1024%2C768&amp;ssl=1 1024w, https:\/\/i0.wp.com\/loszuecos.com\/wp-content\/uploads\/2020\/12\/40A3D1FA-0481-429A-B682-3E2A8BDBD9AE.jpeg?resize=768%2C576&amp;ssl=1 768w, https:\/\/i0.wp.com\/loszuecos.com\/wp-content\/uploads\/2020\/12\/40A3D1FA-0481-429A-B682-3E2A8BDBD9AE.jpeg?resize=1536%2C1152&amp;ssl=1 1536w, https:\/\/i0.wp.com\/loszuecos.com\/wp-content\/uploads\/2020\/12\/40A3D1FA-0481-429A-B682-3E2A8BDBD9AE.jpeg?w=2048&amp;ssl=1 2048w\" sizes=\"(max-width: 553px) 100vw, 553px\" data-recalc-dims=\"1\" \/><\/figure><\/div>\n\n\n\n<p class=\"has-normal-font-size\" id=\"block-7844ade5-241f-46f1-9802-3bb170b5c5af\">Bed and Breakfast Los Zuecos en Espa\u00f1a: un gran lugar para pasar unas vacaciones relajantes o a pocos d\u00edas de distancia. Los Zuecos se encuentra en la pr\u00edstina zona exterior de la localidad de Macisvenda (Murcia), a un kil\u00f3metro de la carretera principal, a 450m de altitud y es una casa rural. La vista alrededor desde las diversas terrazas en las monta\u00f1as, el almendro y olivares es impresionante.<\/p>\n\n\n\n<p class=\"has-normal-font-size\" id=\"block-51d69419-12d1-4cc5-b746-a7626c4b628b\">Si buscas paz, espacio y belleza natural, definitivamente est\u00e1s en el lugar correcto.<br>Los \u00fanicos sonidos que se oyen son los p\u00e1jaros y a veces un tractor que se utiliza para cuidar de los campos. En la piscina con tumbonas gratuitas es maravilloso para relajarse. O experimente la vida espa\u00f1ola real haciendo un viaje a los peque\u00f1os lugares de la zona.<\/p>\n\n\n\n<div style=\"height:13px\" aria-hidden=\"true\" class=\"wp-block-spacer\"><\/div>\n\n\n\n<p class=\"has-normal-font-size\" id=\"block-eb32e712-e3d4-4b47-9826-721aabd239cf\">Pero tambi\u00e9n para aquellos que les gusta m\u00e1s actividad, Los Zuecos es una gran base. En las inmediaciones encontrar\u00e1 numerosas rutas de senderismo y ciclismo y reservas naturales como el R\u00edo Chicamo, huertos de naranjas, mandarinas y limoneros y vi\u00f1edos con las rutas de uva y bodegas con sus propias catas de vino. Adem\u00e1s, hay manantiales naturales, ba\u00f1os de barro y sal, cuevas y \u00e1reas naturales protegidas a poca distancia. Los amantes del golf podr\u00e1n disfrutar de uno de los muchos campos de golf excelentes de Murcia en la comunidad aut\u00f3noma de Murcia. Las diversas playas de la Costa C\u00e1lida son accesibles en unos 45 minutos.<\/p>\n\n\n\n<p class=\"has-normal-font-size\" id=\"block-b79804fa-417c-4577-b5e0-6fe99f1919ad\">Nuestra casa est\u00e1 casi en la frontera con la Comunidad Valenciana (Provincia de Alicante), que tambi\u00e9n hace las playas de la Costa Blanca Sur en 30 minutos, as\u00ed como lugares m\u00e1s grandes como Fortuna, Murcia, Aspe, Elche y Alicante.<\/p>\n\n\n\n<p class=\"has-normal-font-size\" id=\"block-f40d04aa-75b3-432a-97bb-85160ce218b4\">Debido a su ubicaci\u00f3n, es necesario que tenga un coche (alquiler). <\/p>\n\n\n\n<p class=\"has-normal-font-size\" id=\"block-f40d04aa-75b3-432a-97bb-85160ce218b4\">No se admiten ni\u00f1os menores de 12 a\u00f1os ni mascotas.<\/p>\n","protected":false},"excerpt":{"rendered":"<p>Bed and Breakfast Los Zuecos en Espa\u00f1a: un gran lugar para pasar unas vacaciones relajantes o a pocos d\u00edas de distancia. Los Zuecos se encuentra en la pr\u00edstina zona exterior de la localidad de Macisvenda (Murcia), a un kil\u00f3metro de la carretera principal, a 450m de altitud y es una casa rural. La vista alrededor &hellip;<\/p>\n<p class=\"read-more\"> <a class=\"\" href=\"https:\/\/loszuecos.com\/?page_id=40&#038;lang=es\"> <span class=\"screen-reader-text\">Bienvenida<\/span> Lees verder &raquo;<\/a><\/p>\n","protected":false},"author":1,"featured_media":0,"parent":0,"menu_order":0,"comment_status":"closed","ping_status":"closed","template":"","meta":{"footnotes":"","_joinchat":[]},"jetpack_sharing_enabled":true,"_links":{"self":[{"href":"https:\/\/loszuecos.com\/index.php?rest_route=\/wp\/v2\/pages\/40"}],"collection":[{"href":"https:\/\/loszuecos.com\/index.php?rest_route=\/wp\/v2\/pages"}],"about":[{"href":"https:\/\/loszuecos.com\/index.php?rest_route=\/wp\/v2\/types\/page"}],"author":[{"embeddable":true,"href":"https:\/\/loszuecos.com\/index.php?rest_route=\/wp\/v2\/users\/1"}],"replies":[{"embeddable":true,"href":"https:\/\/loszuecos.com\/index.php?rest_route=%2Fwp%2Fv2%2Fcomments&post=40"}],"version-history":[{"count":20,"href":"https:\/\/loszuecos.com\/index.php?rest_route=\/wp\/v2\/pages\/40\/revisions"}],"predecessor-version":[{"id":822,"href":"https:\/\/loszuecos.com\/index.php?rest_route=\/wp\/v2\/pages\/40\/revisions\/822"}],"wp:attachment":[{"href":"https:\/\/loszuecos.com\/index.php?rest_route=%2Fwp%2Fv2%2Fmedia&parent=40"}],"curies":[{"name":"wp","href":"https:\/\/api.w.org\/{rel}","templated":true}]}}