{"id":323,"date":"2020-12-19T17:06:42","date_gmt":"2020-12-19T17:06:42","guid":{"rendered":"https:\/\/loszuecos.com\/?page_id=294"},"modified":"2021-05-12T15:19:46","modified_gmt":"2021-05-12T14:19:46","slug":"get-in-contact-mit","status":"publish","type":"page","link":"https:\/\/loszuecos.com\/?page_id=323&lang=de","title":{"rendered":"Kontakt"},"content":{"rendered":"\n<p class=\"has-medium-font-size\">Rufen Sie uns an, senden Sie uns eine E-Mail oder senden Sie uns eine Nachricht \u00fcber das untenstehende Formular f\u00fcr eine Reservierung oder Informationen \u00fcber unsere Unterkunft.<\/p>\n\n\n\n<p><strong>Tel.: (0034) 868080056<\/strong><\/p>\n\n\n\n<p><strong>WhatsApp: (0034) 658865819<\/strong><\/p>\n\n\n\n<p>E-Mail:<a rel=\"noreferrer noopener\" href=\"mailto:info@loszuecos.com\" target=\"_blank\"> info@loszuecos.com<\/a><\/p>\n\n\n\n<p><\/p>\n\n\n<div class=\"wp-block-jetpack-contact-form\"><a href=\"https:\/\/loszuecos.com\/?page_id=323&#038;lang=de\" target=\"_blank\" rel=\"noopener noreferrer\">Een formulier indienen.<\/a><\/div>\n\n","protected":false},"excerpt":{"rendered":"<p>Rufen Sie uns an, senden Sie uns eine E-Mail oder senden Sie uns eine Nachricht \u00fcber das untenstehende Formular f\u00fcr eine Reservierung oder Informationen \u00fcber unsere Unterkunft. Tel.: (0034) 868080056 WhatsApp: (0034) 658865819 E-Mail: info@loszuecos.com<\/p>\n","protected":false},"author":1,"featured_media":0,"parent":0,"menu_order":0,"comment_status":"closed","ping_status":"closed","template":"","meta":{"footnotes":"","_joinchat":[]},"jetpack_sharing_enabled":true,"_links":{"self":[{"href":"https:\/\/loszuecos.com\/index.php?rest_route=\/wp\/v2\/pages\/323"}],"collection":[{"href":"https:\/\/loszuecos.com\/index.php?rest_route=\/wp\/v2\/pages"}],"about":[{"href":"https:\/\/loszuecos.com\/index.php?rest_route=\/wp\/v2\/types\/page"}],"author":[{"embeddable":true,"href":"https:\/\/loszuecos.com\/index.php?rest_route=\/wp\/v2\/users\/1"}],"replies":[{"embeddable":true,"href":"https:\/\/loszuecos.com\/index.php?rest_route=%2Fwp%2Fv2%2Fcomments&post=323"}],"version-history":[{"count":6,"href":"https:\/\/loszuecos.com\/index.php?rest_route=\/wp\/v2\/pages\/323\/revisions"}],"predecessor-version":[{"id":1235,"href":"https:\/\/loszuecos.com\/index.php?rest_route=\/wp\/v2\/pages\/323\/revisions\/1235"}],"wp:attachment":[{"href":"https:\/\/loszuecos.com\/index.php?rest_route=%2Fwp%2Fv2%2Fmedia&parent=323"}],"curies":[{"name":"wp","href":"https:\/\/api.w.org\/{rel}","templated":true}]}}