{"id":287,"date":"2020-12-19T16:45:26","date_gmt":"2020-12-19T16:45:26","guid":{"rendered":"https:\/\/loszuecos.com\/?page_id=282"},"modified":"2023-05-26T18:18:05","modified_gmt":"2023-05-26T16:18:05","slug":"itineraire","status":"publish","type":"page","link":"https:\/\/loszuecos.com\/?page_id=287&lang=fr","title":{"rendered":"Trajet"},"content":{"rendered":"\n<p class=\"has-normal-font-size\">L\u2019adresse de Los Zuecos est: Camino de la Olla n \u00b0 20, Paraje Carlos, parcela 1322, 30648 Macisvenda.At<br> le d\u00e9but de la sortie de notre maison, il ya un panneau en bois avec le nom de la rue \u00ab&nbsp;Cno de la Herra, cueva de los tobares&nbsp;\u00bb.<\/p>\n\n\n\n<p class=\"has-normal-font-size\">Les diff\u00e9rents syst\u00e8mes de navigation, directions et\/ou Google Maps ne connaissent pas notre adresse. L\u2019utilisation d<strong>es <\/strong>coordonn\u00e9es GPS est donc n\u00e9cessaire. Pour ce faire, utili<strong>sez le 38.274067, -1.00605<\/strong>8 et vous arriverez \u00e0 l\u2019entr\u00e9e principale de notre maison.<\/p>\n\n\n\n<p class=\"has-normal-font-size\">En raison de son emplacement, il est n\u00e9cessaire que vous avez acc\u00e8s \u00e0 une voiture (de location). <\/p>\n\n\n\n<p class=\"has-normal-font-size\">L\u2019adresse de correspondance est: P.O. Box 13, 30648 Macisvenda (Abanilla, Murcie).<\/p>\n\n\n\n<p><strong>Trajet<\/strong> <\/p>\n\n\n\n<ul>\n<li>D\u2019Alicante suivez l\u2019A7 jusqu\u2019\u00e0 Elche\/Murcie<\/li>\n\n\n\n<li>Dans la sortie Elche n\u00b0 58 en direction d\u2019Aspe, le CV84<\/li>\n\n\n\n<li>Sur le rond-point prendre la troisi\u00e8me sortie \u00e0 Murcie \/ Crevillent. Est-ce que la N325<\/li>\n\n\n\n<li>Sur le rond-point suivant prendre la premi\u00e8re sortie \u00e0 \u00ab&nbsp;Hondon de las Nieves&nbsp;\u00bb. Est-ce que le CV845<\/li>\n\n\n\n<li>La route (CV845) continue d\u2019\u00eatre poursuivie par \u00ab&nbsp;Hondon de las Nieves&nbsp;\u00bb, \u00ab&nbsp;Hondon de las Frailes&nbsp;\u00bb et \u00ab&nbsp;Barbarroja \u0308.<\/li>\n\n\n\n<li>Apr\u00e8s Barbarroja, le CV845 passe dans la RM410 (vous serez arriv\u00e9 dans le Regi\u00f3n de Murcie). <\/li>\n\n\n\n<li>Route d\u2019environ 3 \u00e0 4 km continuer \u00e0 suivre vers Macisvenda \/ Barinas jusqu\u2019\u00e0 ce que le p\u00f4le km pass\u00e9 8 et juste avant km p\u00f4le 7 tourner \u00e0 droite, o\u00f9 juste apr\u00e8s la sortie, vous voyez le panneau en bois appel\u00e9 \u00ab&nbsp;Cno de la Herra, cueva de los tobares&nbsp;\u00bb. Vous \u00eates encore \u00e0 environ 900 m\u00e8tres de notre maison<\/li>\n\n\n\n<li>La route d&#8217;acc\u00e8s est bien goudronn\u00e9e. Continuez \u00e0 rouler tout droit vers le haut. Sur la jonction Y ne tournez pas \u00e0 gauche, mais gardez sur le c\u00f4t\u00e9 droit vers le haut. Apr\u00e8s la jonction Y, nous sommes la troisi\u00e8me maison sur la gauche (avec mur blanc au jardin). La troisi\u00e8me porte \u00e9lectrique est notre entr\u00e9e principale.<\/li>\n<\/ul>\n\n\n\n<p><strong>GPS: 38.274067, -1.006058.<\/strong><\/p>\n\n\n\n<p><em><strong>Utiliser (location) voiture n\u00e9cessaire.<\/strong><\/em><\/p>\n\n\n\n<figure class=\"wp-block-gallery has-nested-images columns-default is-cropped wp-block-gallery-2 is-layout-flex wp-block-gallery-is-layout-flex\">\n<figure class=\"wp-block-image size-large\"><img loading=\"lazy\" decoding=\"async\" width=\"1024\" height=\"768\" data-attachment-id=\"510\" data-permalink=\"https:\/\/loszuecos.com\/?attachment_id=510\" data-orig-file=\"https:\/\/i0.wp.com\/loszuecos.com\/wp-content\/uploads\/2020\/12\/IMG_0304-1-scaled.jpg?fit=2560%2C1920&amp;ssl=1\" data-orig-size=\"2560,1920\" data-comments-opened=\"1\" data-image-meta=\"{&quot;aperture&quot;:&quot;0&quot;,&quot;credit&quot;:&quot;&quot;,&quot;camera&quot;:&quot;&quot;,&quot;caption&quot;:&quot;&quot;,&quot;created_timestamp&quot;:&quot;1608497001&quot;,&quot;copyright&quot;:&quot;&quot;,&quot;focal_length&quot;:&quot;0&quot;,&quot;iso&quot;:&quot;0&quot;,&quot;shutter_speed&quot;:&quot;0&quot;,&quot;title&quot;:&quot;&quot;,&quot;orientation&quot;:&quot;0&quot;}\" data-image-title=\"\" data-image-description=\"\" data-image-caption=\"\" data-medium-file=\"https:\/\/i0.wp.com\/loszuecos.com\/wp-content\/uploads\/2020\/12\/IMG_0304-1-scaled.jpg?fit=300%2C225&amp;ssl=1\" data-large-file=\"https:\/\/i0.wp.com\/loszuecos.com\/wp-content\/uploads\/2020\/12\/IMG_0304-1-scaled.jpg?fit=1024%2C768&amp;ssl=1\" data-id=\"510\" src=\"https:\/\/i0.wp.com\/loszuecos.com\/wp-content\/uploads\/2020\/12\/IMG_0304-1.jpg?resize=1024%2C768&#038;ssl=1\" alt=\"\" class=\"wp-image-510\" srcset=\"https:\/\/i0.wp.com\/loszuecos.com\/wp-content\/uploads\/2020\/12\/IMG_0304-1-scaled.jpg?resize=1024%2C768&amp;ssl=1 1024w, https:\/\/i0.wp.com\/loszuecos.com\/wp-content\/uploads\/2020\/12\/IMG_0304-1-scaled.jpg?resize=300%2C225&amp;ssl=1 300w, https:\/\/i0.wp.com\/loszuecos.com\/wp-content\/uploads\/2020\/12\/IMG_0304-1-scaled.jpg?resize=768%2C576&amp;ssl=1 768w, https:\/\/i0.wp.com\/loszuecos.com\/wp-content\/uploads\/2020\/12\/IMG_0304-1-scaled.jpg?resize=1536%2C1152&amp;ssl=1 1536w, https:\/\/i0.wp.com\/loszuecos.com\/wp-content\/uploads\/2020\/12\/IMG_0304-1-scaled.jpg?resize=2048%2C1536&amp;ssl=1 2048w\" sizes=\"(max-width: 1000px) 100vw, 1000px\" data-recalc-dims=\"1\" \/><\/figure>\n\n\n\n<figure class=\"wp-block-image size-large\"><img loading=\"lazy\" decoding=\"async\" width=\"1024\" height=\"768\" data-attachment-id=\"600\" data-permalink=\"https:\/\/loszuecos.com\/?attachment_id=600\" data-orig-file=\"https:\/\/i0.wp.com\/loszuecos.com\/wp-content\/uploads\/2020\/12\/IMG_0301-1-scaled.jpg?fit=2560%2C1920&amp;ssl=1\" data-orig-size=\"2560,1920\" data-comments-opened=\"1\" data-image-meta=\"{&quot;aperture&quot;:&quot;3&quot;,&quot;credit&quot;:&quot;&quot;,&quot;camera&quot;:&quot;HMX-U10&quot;,&quot;caption&quot;:&quot;&quot;,&quot;created_timestamp&quot;:&quot;1519151214&quot;,&quot;copyright&quot;:&quot;&quot;,&quot;focal_length&quot;:&quot;7.9&quot;,&quot;iso&quot;:&quot;100&quot;,&quot;shutter_speed&quot;:&quot;0.033333333333333&quot;,&quot;title&quot;:&quot;&quot;,&quot;orientation&quot;:&quot;0&quot;}\" data-image-title=\"\" data-image-description=\"\" data-image-caption=\"\" data-medium-file=\"https:\/\/i0.wp.com\/loszuecos.com\/wp-content\/uploads\/2020\/12\/IMG_0301-1-scaled.jpg?fit=300%2C225&amp;ssl=1\" data-large-file=\"https:\/\/i0.wp.com\/loszuecos.com\/wp-content\/uploads\/2020\/12\/IMG_0301-1-scaled.jpg?fit=1024%2C768&amp;ssl=1\" data-id=\"600\" src=\"https:\/\/i0.wp.com\/loszuecos.com\/wp-content\/uploads\/2020\/12\/IMG_0301-1.jpg?resize=1024%2C768&#038;ssl=1\" alt=\"\" class=\"wp-image-600\" srcset=\"https:\/\/i0.wp.com\/loszuecos.com\/wp-content\/uploads\/2020\/12\/IMG_0301-1-scaled.jpg?resize=1024%2C768&amp;ssl=1 1024w, https:\/\/i0.wp.com\/loszuecos.com\/wp-content\/uploads\/2020\/12\/IMG_0301-1-scaled.jpg?resize=300%2C225&amp;ssl=1 300w, https:\/\/i0.wp.com\/loszuecos.com\/wp-content\/uploads\/2020\/12\/IMG_0301-1-scaled.jpg?resize=768%2C576&amp;ssl=1 768w, https:\/\/i0.wp.com\/loszuecos.com\/wp-content\/uploads\/2020\/12\/IMG_0301-1-scaled.jpg?resize=1536%2C1152&amp;ssl=1 1536w, https:\/\/i0.wp.com\/loszuecos.com\/wp-content\/uploads\/2020\/12\/IMG_0301-1-scaled.jpg?resize=2048%2C1536&amp;ssl=1 2048w\" sizes=\"(max-width: 1000px) 100vw, 1000px\" data-recalc-dims=\"1\" \/><\/figure>\n\n\n\n<figure class=\"wp-block-image size-large\"><img loading=\"lazy\" decoding=\"async\" width=\"1024\" height=\"768\" data-attachment-id=\"508\" data-permalink=\"https:\/\/loszuecos.com\/?attachment_id=508\" data-orig-file=\"https:\/\/i0.wp.com\/loszuecos.com\/wp-content\/uploads\/2020\/12\/IMG_0302-1-scaled.jpg?fit=2560%2C1920&amp;ssl=1\" data-orig-size=\"2560,1920\" data-comments-opened=\"1\" data-image-meta=\"{&quot;aperture&quot;:&quot;0&quot;,&quot;credit&quot;:&quot;&quot;,&quot;camera&quot;:&quot;&quot;,&quot;caption&quot;:&quot;&quot;,&quot;created_timestamp&quot;:&quot;1608497001&quot;,&quot;copyright&quot;:&quot;&quot;,&quot;focal_length&quot;:&quot;0&quot;,&quot;iso&quot;:&quot;0&quot;,&quot;shutter_speed&quot;:&quot;0&quot;,&quot;title&quot;:&quot;&quot;,&quot;orientation&quot;:&quot;0&quot;}\" data-image-title=\"\" data-image-description=\"\" data-image-caption=\"\" data-medium-file=\"https:\/\/i0.wp.com\/loszuecos.com\/wp-content\/uploads\/2020\/12\/IMG_0302-1-scaled.jpg?fit=300%2C225&amp;ssl=1\" data-large-file=\"https:\/\/i0.wp.com\/loszuecos.com\/wp-content\/uploads\/2020\/12\/IMG_0302-1-scaled.jpg?fit=1024%2C768&amp;ssl=1\" data-id=\"508\" src=\"https:\/\/i0.wp.com\/loszuecos.com\/wp-content\/uploads\/2020\/12\/IMG_0302-1.jpg?resize=1024%2C768&#038;ssl=1\" alt=\"\" class=\"wp-image-508\" srcset=\"https:\/\/i0.wp.com\/loszuecos.com\/wp-content\/uploads\/2020\/12\/IMG_0302-1-scaled.jpg?resize=1024%2C768&amp;ssl=1 1024w, https:\/\/i0.wp.com\/loszuecos.com\/wp-content\/uploads\/2020\/12\/IMG_0302-1-scaled.jpg?resize=300%2C225&amp;ssl=1 300w, https:\/\/i0.wp.com\/loszuecos.com\/wp-content\/uploads\/2020\/12\/IMG_0302-1-scaled.jpg?resize=768%2C576&amp;ssl=1 768w, https:\/\/i0.wp.com\/loszuecos.com\/wp-content\/uploads\/2020\/12\/IMG_0302-1-scaled.jpg?resize=1536%2C1152&amp;ssl=1 1536w, https:\/\/i0.wp.com\/loszuecos.com\/wp-content\/uploads\/2020\/12\/IMG_0302-1-scaled.jpg?resize=2048%2C1536&amp;ssl=1 2048w\" sizes=\"(max-width: 1000px) 100vw, 1000px\" data-recalc-dims=\"1\" \/><\/figure>\n\n\n\n<figure class=\"wp-block-image size-large\"><img loading=\"lazy\" decoding=\"async\" width=\"768\" height=\"1024\" data-attachment-id=\"1039\" data-permalink=\"https:\/\/loszuecos.com\/?attachment_id=1039\" data-orig-file=\"https:\/\/i0.wp.com\/loszuecos.com\/wp-content\/uploads\/2021\/05\/IMG_5701.jpeg?fit=1240%2C1654&amp;ssl=1\" data-orig-size=\"1240,1654\" data-comments-opened=\"1\" data-image-meta=\"{&quot;aperture&quot;:&quot;2&quot;,&quot;credit&quot;:&quot;&quot;,&quot;camera&quot;:&quot;iPhone 11 Pro Max&quot;,&quot;caption&quot;:&quot;&quot;,&quot;created_timestamp&quot;:&quot;1620319255&quot;,&quot;copyright&quot;:&quot;&quot;,&quot;focal_length&quot;:&quot;6&quot;,&quot;iso&quot;:&quot;20&quot;,&quot;shutter_speed&quot;:&quot;0.00058411214953271&quot;,&quot;title&quot;:&quot;&quot;,&quot;orientation&quot;:&quot;1&quot;}\" data-image-title=\"\" data-image-description=\"\" data-image-caption=\"\" data-medium-file=\"https:\/\/i0.wp.com\/loszuecos.com\/wp-content\/uploads\/2021\/05\/IMG_5701.jpeg?fit=225%2C300&amp;ssl=1\" data-large-file=\"https:\/\/i0.wp.com\/loszuecos.com\/wp-content\/uploads\/2021\/05\/IMG_5701.jpeg?fit=768%2C1024&amp;ssl=1\" data-id=\"1039\" src=\"https:\/\/i0.wp.com\/loszuecos.com\/wp-content\/uploads\/2021\/05\/IMG_5701.jpeg?resize=768%2C1024&#038;ssl=1\" alt=\"\" class=\"wp-image-1039\" srcset=\"https:\/\/i0.wp.com\/loszuecos.com\/wp-content\/uploads\/2021\/05\/IMG_5701.jpeg?resize=768%2C1024&amp;ssl=1 768w, https:\/\/i0.wp.com\/loszuecos.com\/wp-content\/uploads\/2021\/05\/IMG_5701.jpeg?resize=225%2C300&amp;ssl=1 225w, https:\/\/i0.wp.com\/loszuecos.com\/wp-content\/uploads\/2021\/05\/IMG_5701.jpeg?resize=1152%2C1536&amp;ssl=1 1152w, https:\/\/i0.wp.com\/loszuecos.com\/wp-content\/uploads\/2021\/05\/IMG_5701.jpeg?w=1240&amp;ssl=1 1240w\" sizes=\"(max-width: 768px) 100vw, 768px\" data-recalc-dims=\"1\" \/><\/figure>\n\n\n\n<figure class=\"wp-block-image size-large\"><img loading=\"lazy\" decoding=\"async\" width=\"560\" height=\"756\" data-attachment-id=\"511\" data-permalink=\"https:\/\/loszuecos.com\/?attachment_id=511\" data-orig-file=\"https:\/\/i0.wp.com\/loszuecos.com\/wp-content\/uploads\/2020\/12\/131568720_428623531850494_8559247108150131725_n.jpg?fit=560%2C756&amp;ssl=1\" data-orig-size=\"560,756\" data-comments-opened=\"1\" data-image-meta=\"{&quot;aperture&quot;:&quot;0&quot;,&quot;credit&quot;:&quot;&quot;,&quot;camera&quot;:&quot;&quot;,&quot;caption&quot;:&quot;&quot;,&quot;created_timestamp&quot;:&quot;0&quot;,&quot;copyright&quot;:&quot;&quot;,&quot;focal_length&quot;:&quot;0&quot;,&quot;iso&quot;:&quot;0&quot;,&quot;shutter_speed&quot;:&quot;0&quot;,&quot;title&quot;:&quot;&quot;,&quot;orientation&quot;:&quot;0&quot;}\" data-image-title=\"\" data-image-description=\"\" data-image-caption=\"\" data-medium-file=\"https:\/\/i0.wp.com\/loszuecos.com\/wp-content\/uploads\/2020\/12\/131568720_428623531850494_8559247108150131725_n.jpg?fit=222%2C300&amp;ssl=1\" data-large-file=\"https:\/\/i0.wp.com\/loszuecos.com\/wp-content\/uploads\/2020\/12\/131568720_428623531850494_8559247108150131725_n.jpg?fit=560%2C756&amp;ssl=1\" data-id=\"511\" src=\"https:\/\/i0.wp.com\/loszuecos.com\/wp-content\/uploads\/2020\/12\/131568720_428623531850494_8559247108150131725_n.jpg?resize=560%2C756&#038;ssl=1\" alt=\"\" class=\"wp-image-511\" srcset=\"https:\/\/i0.wp.com\/loszuecos.com\/wp-content\/uploads\/2020\/12\/131568720_428623531850494_8559247108150131725_n.jpg?w=560&amp;ssl=1 560w, https:\/\/i0.wp.com\/loszuecos.com\/wp-content\/uploads\/2020\/12\/131568720_428623531850494_8559247108150131725_n.jpg?resize=222%2C300&amp;ssl=1 222w\" sizes=\"(max-width: 560px) 100vw, 560px\" data-recalc-dims=\"1\" \/><\/figure>\n\n\n\n<figure class=\"wp-block-image size-large\"><img loading=\"lazy\" decoding=\"async\" width=\"1024\" height=\"680\" data-attachment-id=\"1040\" data-permalink=\"https:\/\/loszuecos.com\/?attachment_id=1040\" data-orig-file=\"https:\/\/i0.wp.com\/loszuecos.com\/wp-content\/uploads\/2021\/05\/DSC03400.jpeg?fit=1240%2C824&amp;ssl=1\" data-orig-size=\"1240,824\" data-comments-opened=\"1\" data-image-meta=\"{&quot;aperture&quot;:&quot;11&quot;,&quot;credit&quot;:&quot;&quot;,&quot;camera&quot;:&quot;SLT-A55V&quot;,&quot;caption&quot;:&quot;SONY DSC&quot;,&quot;created_timestamp&quot;:&quot;1620327201&quot;,&quot;copyright&quot;:&quot;&quot;,&quot;focal_length&quot;:&quot;18&quot;,&quot;iso&quot;:&quot;100&quot;,&quot;shutter_speed&quot;:&quot;0.005&quot;,&quot;title&quot;:&quot;SONY DSC&quot;,&quot;orientation&quot;:&quot;1&quot;}\" data-image-title=\"\" data-image-description=\"\" data-image-caption=\"\" data-medium-file=\"https:\/\/i0.wp.com\/loszuecos.com\/wp-content\/uploads\/2021\/05\/DSC03400.jpeg?fit=300%2C199&amp;ssl=1\" data-large-file=\"https:\/\/i0.wp.com\/loszuecos.com\/wp-content\/uploads\/2021\/05\/DSC03400.jpeg?fit=1024%2C680&amp;ssl=1\" data-id=\"1040\" src=\"https:\/\/i0.wp.com\/loszuecos.com\/wp-content\/uploads\/2021\/05\/DSC03400.jpeg?resize=1024%2C680&#038;ssl=1\" alt=\"\" class=\"wp-image-1040\" srcset=\"https:\/\/i0.wp.com\/loszuecos.com\/wp-content\/uploads\/2021\/05\/DSC03400.jpeg?resize=1024%2C680&amp;ssl=1 1024w, https:\/\/i0.wp.com\/loszuecos.com\/wp-content\/uploads\/2021\/05\/DSC03400.jpeg?resize=300%2C199&amp;ssl=1 300w, https:\/\/i0.wp.com\/loszuecos.com\/wp-content\/uploads\/2021\/05\/DSC03400.jpeg?resize=768%2C510&amp;ssl=1 768w, https:\/\/i0.wp.com\/loszuecos.com\/wp-content\/uploads\/2021\/05\/DSC03400.jpeg?w=1240&amp;ssl=1 1240w\" sizes=\"(max-width: 1000px) 100vw, 1000px\" data-recalc-dims=\"1\" \/><\/figure>\n\n\n\n<figure class=\"wp-block-image size-large\"><img loading=\"lazy\" decoding=\"async\" width=\"1024\" height=\"683\" data-attachment-id=\"1041\" data-permalink=\"https:\/\/loszuecos.com\/?attachment_id=1041\" data-orig-file=\"https:\/\/i0.wp.com\/loszuecos.com\/wp-content\/uploads\/2021\/05\/P1090269.jpeg?fit=1240%2C827&amp;ssl=1\" data-orig-size=\"1240,827\" data-comments-opened=\"1\" data-image-meta=\"{&quot;aperture&quot;:&quot;5.6&quot;,&quot;credit&quot;:&quot;&quot;,&quot;camera&quot;:&quot;DC-FZ82&quot;,&quot;caption&quot;:&quot;&quot;,&quot;created_timestamp&quot;:&quot;1620321024&quot;,&quot;copyright&quot;:&quot;&quot;,&quot;focal_length&quot;:&quot;3.6&quot;,&quot;iso&quot;:&quot;80&quot;,&quot;shutter_speed&quot;:&quot;0.00125&quot;,&quot;title&quot;:&quot;&quot;,&quot;orientation&quot;:&quot;1&quot;}\" data-image-title=\"\" data-image-description=\"\" data-image-caption=\"\" data-medium-file=\"https:\/\/i0.wp.com\/loszuecos.com\/wp-content\/uploads\/2021\/05\/P1090269.jpeg?fit=300%2C200&amp;ssl=1\" data-large-file=\"https:\/\/i0.wp.com\/loszuecos.com\/wp-content\/uploads\/2021\/05\/P1090269.jpeg?fit=1024%2C683&amp;ssl=1\" data-id=\"1041\" src=\"https:\/\/i0.wp.com\/loszuecos.com\/wp-content\/uploads\/2021\/05\/P1090269.jpeg?resize=1024%2C683&#038;ssl=1\" alt=\"\" class=\"wp-image-1041\" srcset=\"https:\/\/i0.wp.com\/loszuecos.com\/wp-content\/uploads\/2021\/05\/P1090269.jpeg?resize=1024%2C683&amp;ssl=1 1024w, https:\/\/i0.wp.com\/loszuecos.com\/wp-content\/uploads\/2021\/05\/P1090269.jpeg?resize=300%2C200&amp;ssl=1 300w, https:\/\/i0.wp.com\/loszuecos.com\/wp-content\/uploads\/2021\/05\/P1090269.jpeg?resize=768%2C512&amp;ssl=1 768w, https:\/\/i0.wp.com\/loszuecos.com\/wp-content\/uploads\/2021\/05\/P1090269.jpeg?w=1240&amp;ssl=1 1240w\" sizes=\"(max-width: 1000px) 100vw, 1000px\" data-recalc-dims=\"1\" \/><\/figure>\n<\/figure>\n","protected":false},"excerpt":{"rendered":"<p>L\u2019adresse de Los Zuecos est: Camino de la Olla n \u00b0 20, Paraje Carlos, parcela 1322, 30648 Macisvenda.At le d\u00e9but de la sortie de notre maison, il ya un panneau en bois avec le nom de la rue \u00ab&nbsp;Cno de la Herra, cueva de los tobares&nbsp;\u00bb. Les diff\u00e9rents syst\u00e8mes de navigation, directions et\/ou Google Maps &hellip;<\/p>\n<p class=\"read-more\"> <a class=\"\" href=\"https:\/\/loszuecos.com\/?page_id=287&#038;lang=fr\"> <span class=\"screen-reader-text\">Trajet<\/span> Lees verder &raquo;<\/a><\/p>\n","protected":false},"author":1,"featured_media":0,"parent":0,"menu_order":0,"comment_status":"closed","ping_status":"closed","template":"","meta":{"footnotes":"","_joinchat":[]},"jetpack_sharing_enabled":true,"_links":{"self":[{"href":"https:\/\/loszuecos.com\/index.php?rest_route=\/wp\/v2\/pages\/287"}],"collection":[{"href":"https:\/\/loszuecos.com\/index.php?rest_route=\/wp\/v2\/pages"}],"about":[{"href":"https:\/\/loszuecos.com\/index.php?rest_route=\/wp\/v2\/types\/page"}],"author":[{"embeddable":true,"href":"https:\/\/loszuecos.com\/index.php?rest_route=\/wp\/v2\/users\/1"}],"replies":[{"embeddable":true,"href":"https:\/\/loszuecos.com\/index.php?rest_route=%2Fwp%2Fv2%2Fcomments&post=287"}],"version-history":[{"count":11,"href":"https:\/\/loszuecos.com\/index.php?rest_route=\/wp\/v2\/pages\/287\/revisions"}],"predecessor-version":[{"id":1411,"href":"https:\/\/loszuecos.com\/index.php?rest_route=\/wp\/v2\/pages\/287\/revisions\/1411"}],"wp:attachment":[{"href":"https:\/\/loszuecos.com\/index.php?rest_route=%2Fwp%2Fv2%2Fmedia&parent=287"}],"curies":[{"name":"wp","href":"https:\/\/api.w.org\/{rel}","templated":true}]}}