{"id":267,"date":"2020-12-19T16:10:36","date_gmt":"2020-12-19T16:10:36","guid":{"rendered":"https:\/\/loszuecos.com\/?page_id=262"},"modified":"2025-12-16T22:08:38","modified_gmt":"2025-12-16T20:08:38","slug":"prix","status":"publish","type":"page","link":"https:\/\/loszuecos.com\/?page_id=267&lang=fr","title":{"rendered":"Prix"},"content":{"rendered":"\n<figure class=\"wp-block-table is-style-regular\"><table><thead><tr><th>Type de pi\u00e8ce<\/th><th>Prix<\/th><th>Petit d\u00e9jeuner inclus<\/th><\/tr><\/thead><tbody><tr><td>Chambre double standard (en juillet, ao\u00fbt et septembre s\u00e9jour minimum de 2 nuits)<\/td><td>67,50 \u20ac<\/td><td>Oui<\/td><\/tr><tr><td>Chambre double de luxe (en juillet, ao\u00fbt et septembre s\u00e9jour minimum de 2 nuits)<\/td><td>77,50 \u20ac<\/td><td>Oui<\/td><\/tr><tr><td>Appartement de deux pi\u00e8ces 2-4 personnes (s\u00e9jour minimum de 2 nuits)<\/td><td>\u20ac 82,50 <br>pour l\u2019occupation par 2 personnes<\/td><td>non (petit d\u00e9jeuner \u20ac 6,50 p.<br>p.a jour \u00e0 l\u2019avance r\u00e9servation)<\/td><\/tr><tr><td>Appartement de deux pi\u00e8ces 2-4 personnes (s\u00e9jour minimum de 2 nuits)<\/td><td>\u20ac 120,00 <br>pour l\u2019occupation par 4 personnes<\/td><td>non (petit d\u00e9jeuner \u20ac 6,50 p.<br>p.a jour \u00e0 l\u2019avance r\u00e9servation)<\/td><\/tr><\/tbody><\/table><\/figure>\n\n\n\n<p>Les prix sont par chambre et par nuit pour 2 personnes. <\/p>\n\n\n\n<h6 class=\"wp-block-heading\">*Les prix ci-dessus sont soumis \u00e0 des fautes de frappe et des changements de prix.<\/h6>\n\n\n\n<h3 class=\"wp-block-heading\">Enregistrement &#8211; check-out<\/h3>\n\n\n\n<p>Enregistrement entre 15:00 et 23:00<br>D\u00e9part entre 10h00 et 10h30<\/p>\n\n\n\n<h3 class=\"wp-block-heading\">Petit d\u00e9jeuner<\/h3>\n\n\n\n<p>Du lundi au vendredi entre 8h00 et 9h30<br>Samedi et dimanche entre 8h30 et 10h00<\/p>\n\n\n\n<h3 class=\"wp-block-heading\">Paiement<\/h3>\n\n\n\n<p>Esp\u00e8ces au moment du s\u00e9jour \u00e0 Los Zuecos.<br>Les paiements par code PIN est \u00e9galement possible. Dans cette cas, nous facturons un suppl\u00e9ment de 2,00 \u20ac.<\/p>\n\n\n\n<p><\/p>\n","protected":false},"excerpt":{"rendered":"<p>Type de pi\u00e8ce Prix Petit d\u00e9jeuner inclus Chambre double standard (en juillet, ao\u00fbt et septembre s\u00e9jour minimum de 2 nuits) 67,50 \u20ac Oui Chambre double de luxe (en juillet, ao\u00fbt et septembre s\u00e9jour minimum de 2 nuits) 77,50 \u20ac Oui Appartement de deux pi\u00e8ces 2-4 personnes (s\u00e9jour minimum de 2 nuits) \u20ac 82,50 pour l\u2019occupation &hellip;<\/p>\n<p class=\"read-more\"> <a class=\"\" href=\"https:\/\/loszuecos.com\/?page_id=267&#038;lang=fr\"> <span class=\"screen-reader-text\">Prix<\/span> Lees verder &raquo;<\/a><\/p>\n","protected":false},"author":1,"featured_media":0,"parent":0,"menu_order":0,"comment_status":"closed","ping_status":"closed","template":"","meta":{"footnotes":"","_joinchat":[]},"jetpack_sharing_enabled":true,"_links":{"self":[{"href":"https:\/\/loszuecos.com\/index.php?rest_route=\/wp\/v2\/pages\/267"}],"collection":[{"href":"https:\/\/loszuecos.com\/index.php?rest_route=\/wp\/v2\/pages"}],"about":[{"href":"https:\/\/loszuecos.com\/index.php?rest_route=\/wp\/v2\/types\/page"}],"author":[{"embeddable":true,"href":"https:\/\/loszuecos.com\/index.php?rest_route=\/wp\/v2\/users\/1"}],"replies":[{"embeddable":true,"href":"https:\/\/loszuecos.com\/index.php?rest_route=%2Fwp%2Fv2%2Fcomments&post=267"}],"version-history":[{"count":13,"href":"https:\/\/loszuecos.com\/index.php?rest_route=\/wp\/v2\/pages\/267\/revisions"}],"predecessor-version":[{"id":1521,"href":"https:\/\/loszuecos.com\/index.php?rest_route=\/wp\/v2\/pages\/267\/revisions\/1521"}],"wp:attachment":[{"href":"https:\/\/loszuecos.com\/index.php?rest_route=%2Fwp%2Fv2%2Fmedia&parent=267"}],"curies":[{"name":"wp","href":"https:\/\/api.w.org\/{rel}","templated":true}]}}