{"id":266,"date":"2020-12-19T16:10:36","date_gmt":"2020-12-19T16:10:36","guid":{"rendered":"https:\/\/loszuecos.com\/?page_id=262"},"modified":"2025-12-16T22:11:38","modified_gmt":"2025-12-16T20:11:38","slug":"preise","status":"publish","type":"page","link":"https:\/\/loszuecos.com\/?page_id=266&lang=de","title":{"rendered":"Preise"},"content":{"rendered":"\n<figure class=\"wp-block-table is-style-regular\"><table><thead><tr><th>Art des Zimmers<\/th><th>Preis<\/th><th>Fr\u00fchst\u00fcck inbegriffen<\/th><\/tr><\/thead><tbody><tr><td>Standard Doppelzimmer (im Juli, August und September Mindestaufenthalt 2 N\u00e4chten)<\/td><td>67,50 \u20ac<\/td><td>Ja<\/td><\/tr><tr><td>Luxuri\u00f6ses Doppelzimmer (im Juli, August und September Mindestaufenthalt 2 N\u00e4chten)<\/td><td>77,50 \u20ac<\/td><td>Ja<\/td><\/tr><tr><td>Zweizimmerwohnung 2-4 Personen (Mindestaufenthalt 2 N\u00e4chten)<\/td><td>\u20ac 82,50<br> f\u00fcr belegung mit 2 Personen<\/td><td>nein (Fr\u00fchst\u00fcck \u20ac 6,50<br> p.p.a.Tag im Vorverkauf)<\/td><\/tr><tr><td>Zweizimmerwohnung 2-4 Personen (Mindestaufenthalt 2 N\u00e4chten)<\/td><td>\u20ac 120,00<br> f\u00fcr belegung mit 4 Personen<\/td><td>nein (Fr\u00fchst\u00fcck \u20ac 6,50<br> p.p.a.Tag im Vorverkauf)<\/td><\/tr><\/tbody><\/table><\/figure>\n\n\n\n<p>Die Preise verstehen sich pro Zimmer und Nacht f\u00fcr 2 Personen. <\/p>\n\n\n\n<h6 class=\"wp-block-heading\">*Die oben genannten Preise unterliegen Tippfehlern und Preis\u00e4nderungen.<\/h6>\n\n\n\n<h3 class=\"wp-block-heading\">Check-in &#8211; Check-out<\/h3>\n\n\n\n<p>Check-in zwischen 15:00 und 23:00 Uhr<br>Check-out zwischen 10:00 und 10:30 Uhr<\/p>\n\n\n\n<h3 class=\"wp-block-heading\">Fr\u00fchst\u00fcck<\/h3>\n\n\n\n<p>Montag bis Freitag zwischen 8:00 Uhr und 9:30 Uhr<br>Samstag und Sonntag zwischen 8.30 und 10.00 Uhr<\/p>\n\n\n\n<h3 class=\"wp-block-heading\">Zahlung<\/h3>\n\n\n\n<p>Bargeld zum Zeitpunkt des Aufenthalts in Los Zuecos.<br>PIN-Zahlungen sind ebenfalls m\u00f6glich. In diesem Fall berechnen wir einen Zuschlag von 2,00 \u20ac.<\/p>\n\n\n\n<p><\/p>\n","protected":false},"excerpt":{"rendered":"<p>Art des Zimmers Preis Fr\u00fchst\u00fcck inbegriffen Standard Doppelzimmer (im Juli, August und September Mindestaufenthalt 2 N\u00e4chten) 67,50 \u20ac Ja Luxuri\u00f6ses Doppelzimmer (im Juli, August und September Mindestaufenthalt 2 N\u00e4chten) 77,50 \u20ac Ja Zweizimmerwohnung 2-4 Personen (Mindestaufenthalt 2 N\u00e4chten) \u20ac 82,50 f\u00fcr belegung mit 2 Personen nein (Fr\u00fchst\u00fcck \u20ac 6,50 p.p.a.Tag im Vorverkauf) Zweizimmerwohnung 2-4 Personen &hellip;<\/p>\n<p class=\"read-more\"> <a class=\"\" href=\"https:\/\/loszuecos.com\/?page_id=266&#038;lang=de\"> <span class=\"screen-reader-text\">Preise<\/span> Lees verder &raquo;<\/a><\/p>\n","protected":false},"author":1,"featured_media":0,"parent":0,"menu_order":0,"comment_status":"closed","ping_status":"closed","template":"","meta":{"footnotes":"","_joinchat":[]},"jetpack_sharing_enabled":true,"_links":{"self":[{"href":"https:\/\/loszuecos.com\/index.php?rest_route=\/wp\/v2\/pages\/266"}],"collection":[{"href":"https:\/\/loszuecos.com\/index.php?rest_route=\/wp\/v2\/pages"}],"about":[{"href":"https:\/\/loszuecos.com\/index.php?rest_route=\/wp\/v2\/types\/page"}],"author":[{"embeddable":true,"href":"https:\/\/loszuecos.com\/index.php?rest_route=\/wp\/v2\/users\/1"}],"replies":[{"embeddable":true,"href":"https:\/\/loszuecos.com\/index.php?rest_route=%2Fwp%2Fv2%2Fcomments&post=266"}],"version-history":[{"count":13,"href":"https:\/\/loszuecos.com\/index.php?rest_route=\/wp\/v2\/pages\/266\/revisions"}],"predecessor-version":[{"id":1523,"href":"https:\/\/loszuecos.com\/index.php?rest_route=\/wp\/v2\/pages\/266\/revisions\/1523"}],"wp:attachment":[{"href":"https:\/\/loszuecos.com\/index.php?rest_route=%2Fwp%2Fv2%2Fmedia&parent=266"}],"curies":[{"name":"wp","href":"https:\/\/api.w.org\/{rel}","templated":true}]}}