{"id":224,"date":"2020-12-19T13:50:28","date_gmt":"2020-12-19T13:50:28","guid":{"rendered":"https:\/\/loszuecos.com\/?page_id=219"},"modified":"2022-12-14T21:47:35","modified_gmt":"2022-12-14T19:47:35","slug":"notre-bed-breakfast","status":"publish","type":"page","link":"https:\/\/loszuecos.com\/?page_id=224&lang=fr","title":{"rendered":"Notre Bed &#038; Breakfast"},"content":{"rendered":"\n<p class=\"has-normal-font-size\">Nous sommes Ronald et Anita van Oudheusden, un couple n\u00e9erlandais. En 2018, nous avons \u00e9chang\u00e9 notre existence aux Pays-Bas pour une vie sous le soleil espagnol. Un souhait de longue dur\u00e9e, r\u00e9alis\u00e9 avec l\u2019achat de cette grande maison.<\/p>\n\n\n\n<p class=\"has-normal-font-size\">Apr\u00e8s une r\u00e9novation dans les mois d\u2019hiver, notre casa rurale a \u00e9t\u00e9 transform\u00e9e en un confortable B &amp; B dans un bel endroit entre Murcie et Aspe, \u00e0 l\u2019int\u00e9rieur des terres, \u00e0 la fronti\u00e8re de la Costa Blanca Sud et la Costa C\u00e1lida.<\/p>\n\n\n\n<div style=\"height:31px\" aria-hidden=\"true\" class=\"wp-block-spacer\"><\/div>\n\n\n\n<div class=\"wp-block-group is-layout-flow wp-block-group-is-layout-flow\"><div class=\"wp-block-group__inner-container\">\n<figure class=\"wp-block-gallery has-nested-images columns-default is-cropped is-style-square wp-block-gallery-2 is-layout-flex wp-block-gallery-is-layout-flex\">\n<figure class=\"wp-block-image size-large\"><img loading=\"lazy\" decoding=\"async\" width=\"1240\" height=\"1353\" data-attachment-id=\"990\" data-permalink=\"https:\/\/loszuecos.com\/?attachment_id=990\" data-orig-file=\"https:\/\/i0.wp.com\/loszuecos.com\/wp-content\/uploads\/2021\/05\/IMG_5705.jpeg?fit=1240%2C1353&amp;ssl=1\" data-orig-size=\"1240,1353\" data-comments-opened=\"1\" data-image-meta=\"{&quot;aperture&quot;:&quot;1.8&quot;,&quot;credit&quot;:&quot;&quot;,&quot;camera&quot;:&quot;iPhone 11 Pro Max&quot;,&quot;caption&quot;:&quot;&quot;,&quot;created_timestamp&quot;:&quot;1620329738&quot;,&quot;copyright&quot;:&quot;&quot;,&quot;focal_length&quot;:&quot;4.25&quot;,&quot;iso&quot;:&quot;32&quot;,&quot;shutter_speed&quot;:&quot;0.00059594755661502&quot;,&quot;title&quot;:&quot;&quot;,&quot;orientation&quot;:&quot;1&quot;}\" data-image-title=\"\" data-image-description=\"\" data-image-caption=\"\" data-medium-file=\"https:\/\/i0.wp.com\/loszuecos.com\/wp-content\/uploads\/2021\/05\/IMG_5705.jpeg?fit=275%2C300&amp;ssl=1\" data-large-file=\"https:\/\/i0.wp.com\/loszuecos.com\/wp-content\/uploads\/2021\/05\/IMG_5705.jpeg?fit=938%2C1024&amp;ssl=1\" src=\"https:\/\/i0.wp.com\/loszuecos.com\/wp-content\/uploads\/2021\/05\/IMG_5705.jpeg?resize=1240%2C1353&#038;ssl=1\" alt=\"\" class=\"wp-image-990\" srcset=\"https:\/\/i0.wp.com\/loszuecos.com\/wp-content\/uploads\/2021\/05\/IMG_5705.jpeg?w=1240&amp;ssl=1 1240w, https:\/\/i0.wp.com\/loszuecos.com\/wp-content\/uploads\/2021\/05\/IMG_5705.jpeg?resize=275%2C300&amp;ssl=1 275w, https:\/\/i0.wp.com\/loszuecos.com\/wp-content\/uploads\/2021\/05\/IMG_5705.jpeg?resize=938%2C1024&amp;ssl=1 938w, https:\/\/i0.wp.com\/loszuecos.com\/wp-content\/uploads\/2021\/05\/IMG_5705.jpeg?resize=768%2C838&amp;ssl=1 768w\" sizes=\"(max-width: 1000px) 100vw, 1000px\" data-recalc-dims=\"1\" \/><\/figure>\n\n\n\n<figure class=\"wp-block-image size-large\"><img loading=\"lazy\" decoding=\"async\" width=\"1240\" height=\"827\" data-attachment-id=\"993\" data-permalink=\"https:\/\/loszuecos.com\/?attachment_id=993\" data-orig-file=\"https:\/\/i0.wp.com\/loszuecos.com\/wp-content\/uploads\/2021\/05\/P1090264.jpeg?fit=1240%2C827&amp;ssl=1\" data-orig-size=\"1240,827\" data-comments-opened=\"1\" data-image-meta=\"{&quot;aperture&quot;:&quot;5&quot;,&quot;credit&quot;:&quot;&quot;,&quot;camera&quot;:&quot;DC-FZ82&quot;,&quot;caption&quot;:&quot;&quot;,&quot;created_timestamp&quot;:&quot;1620320930&quot;,&quot;copyright&quot;:&quot;&quot;,&quot;focal_length&quot;:&quot;3.6&quot;,&quot;iso&quot;:&quot;80&quot;,&quot;shutter_speed&quot;:&quot;0.001&quot;,&quot;title&quot;:&quot;&quot;,&quot;orientation&quot;:&quot;1&quot;}\" data-image-title=\"\" data-image-description=\"\" data-image-caption=\"\" data-medium-file=\"https:\/\/i0.wp.com\/loszuecos.com\/wp-content\/uploads\/2021\/05\/P1090264.jpeg?fit=300%2C200&amp;ssl=1\" data-large-file=\"https:\/\/i0.wp.com\/loszuecos.com\/wp-content\/uploads\/2021\/05\/P1090264.jpeg?fit=1024%2C683&amp;ssl=1\" src=\"https:\/\/i0.wp.com\/loszuecos.com\/wp-content\/uploads\/2021\/05\/P1090264.jpeg?resize=1240%2C827&#038;ssl=1\" alt=\"\" class=\"wp-image-993\" srcset=\"https:\/\/i0.wp.com\/loszuecos.com\/wp-content\/uploads\/2021\/05\/P1090264.jpeg?w=1240&amp;ssl=1 1240w, https:\/\/i0.wp.com\/loszuecos.com\/wp-content\/uploads\/2021\/05\/P1090264.jpeg?resize=300%2C200&amp;ssl=1 300w, https:\/\/i0.wp.com\/loszuecos.com\/wp-content\/uploads\/2021\/05\/P1090264.jpeg?resize=1024%2C683&amp;ssl=1 1024w, https:\/\/i0.wp.com\/loszuecos.com\/wp-content\/uploads\/2021\/05\/P1090264.jpeg?resize=768%2C512&amp;ssl=1 768w\" sizes=\"(max-width: 1000px) 100vw, 1000px\" data-recalc-dims=\"1\" \/><\/figure>\n\n\n\n<figure class=\"wp-block-image size-large\"><img loading=\"lazy\" decoding=\"async\" width=\"1240\" height=\"827\" data-attachment-id=\"992\" data-permalink=\"https:\/\/loszuecos.com\/?attachment_id=992\" data-orig-file=\"https:\/\/i0.wp.com\/loszuecos.com\/wp-content\/uploads\/2021\/05\/P1090284.jpeg?fit=1240%2C827&amp;ssl=1\" data-orig-size=\"1240,827\" data-comments-opened=\"1\" data-image-meta=\"{&quot;aperture&quot;:&quot;5.6&quot;,&quot;credit&quot;:&quot;&quot;,&quot;camera&quot;:&quot;DC-FZ82&quot;,&quot;caption&quot;:&quot;&quot;,&quot;created_timestamp&quot;:&quot;1620322057&quot;,&quot;copyright&quot;:&quot;&quot;,&quot;focal_length&quot;:&quot;3.6&quot;,&quot;iso&quot;:&quot;80&quot;,&quot;shutter_speed&quot;:&quot;0.001&quot;,&quot;title&quot;:&quot;&quot;,&quot;orientation&quot;:&quot;1&quot;}\" data-image-title=\"\" data-image-description=\"\" data-image-caption=\"\" data-medium-file=\"https:\/\/i0.wp.com\/loszuecos.com\/wp-content\/uploads\/2021\/05\/P1090284.jpeg?fit=300%2C200&amp;ssl=1\" data-large-file=\"https:\/\/i0.wp.com\/loszuecos.com\/wp-content\/uploads\/2021\/05\/P1090284.jpeg?fit=1024%2C683&amp;ssl=1\" src=\"https:\/\/i0.wp.com\/loszuecos.com\/wp-content\/uploads\/2021\/05\/P1090284.jpeg?resize=1240%2C827&#038;ssl=1\" alt=\"\" class=\"wp-image-992\" srcset=\"https:\/\/i0.wp.com\/loszuecos.com\/wp-content\/uploads\/2021\/05\/P1090284.jpeg?w=1240&amp;ssl=1 1240w, https:\/\/i0.wp.com\/loszuecos.com\/wp-content\/uploads\/2021\/05\/P1090284.jpeg?resize=300%2C200&amp;ssl=1 300w, https:\/\/i0.wp.com\/loszuecos.com\/wp-content\/uploads\/2021\/05\/P1090284.jpeg?resize=1024%2C683&amp;ssl=1 1024w, https:\/\/i0.wp.com\/loszuecos.com\/wp-content\/uploads\/2021\/05\/P1090284.jpeg?resize=768%2C512&amp;ssl=1 768w\" sizes=\"(max-width: 1000px) 100vw, 1000px\" data-recalc-dims=\"1\" \/><\/figure>\n\n\n\n<figure class=\"wp-block-image size-large\"><img loading=\"lazy\" decoding=\"async\" width=\"480\" height=\"640\" data-attachment-id=\"1376\" data-permalink=\"https:\/\/loszuecos.com\/?attachment_id=1376\" data-orig-file=\"https:\/\/i0.wp.com\/loszuecos.com\/wp-content\/uploads\/2022\/12\/Van-Iphone.poort-Cr.IMG_1248-1-rotated.jpg?fit=480%2C640&amp;ssl=1\" data-orig-size=\"480,640\" data-comments-opened=\"1\" data-image-meta=\"{&quot;aperture&quot;:&quot;0&quot;,&quot;credit&quot;:&quot;&quot;,&quot;camera&quot;:&quot;&quot;,&quot;caption&quot;:&quot;&quot;,&quot;created_timestamp&quot;:&quot;0&quot;,&quot;copyright&quot;:&quot;&quot;,&quot;focal_length&quot;:&quot;0&quot;,&quot;iso&quot;:&quot;0&quot;,&quot;shutter_speed&quot;:&quot;0&quot;,&quot;title&quot;:&quot;&quot;,&quot;orientation&quot;:&quot;1&quot;}\" data-image-title=\"Van-Iphone.poort-Cr.IMG_1248-1\" data-image-description=\"\" data-image-caption=\"\" data-medium-file=\"https:\/\/i0.wp.com\/loszuecos.com\/wp-content\/uploads\/2022\/12\/Van-Iphone.poort-Cr.IMG_1248-1-rotated.jpg?fit=225%2C300&amp;ssl=1\" data-large-file=\"https:\/\/i0.wp.com\/loszuecos.com\/wp-content\/uploads\/2022\/12\/Van-Iphone.poort-Cr.IMG_1248-1-rotated.jpg?fit=480%2C640&amp;ssl=1\" src=\"https:\/\/i0.wp.com\/loszuecos.com\/wp-content\/uploads\/2022\/12\/Van-Iphone.poort-Cr.IMG_1248-1-rotated.jpg?resize=480%2C640&#038;ssl=1\" alt=\"\" class=\"wp-image-1376\" srcset=\"https:\/\/i0.wp.com\/loszuecos.com\/wp-content\/uploads\/2022\/12\/Van-Iphone.poort-Cr.IMG_1248-1-rotated.jpg?w=480&amp;ssl=1 480w, https:\/\/i0.wp.com\/loszuecos.com\/wp-content\/uploads\/2022\/12\/Van-Iphone.poort-Cr.IMG_1248-1-rotated.jpg?resize=225%2C300&amp;ssl=1 225w\" sizes=\"(max-width: 480px) 100vw, 480px\" data-recalc-dims=\"1\" \/><\/figure>\n<\/figure>\n<\/div><\/div>\n\n\n\n<div style=\"height:31px\" aria-hidden=\"true\" class=\"wp-block-spacer\"><\/div>\n\n\n\n<p class=\"has-normal-font-size\">Venez profiter de l\u2019une de nos chambres avec salle de bains avec un d\u00e9licieux petit d\u00e9jeuner tous les jours ou dans l\u2019appartement o\u00f9 vous \u00eates autonome. Vous pourrez vous d\u00e9tendre pr\u00e8s de la grande piscine ou dans le jardin donnant sur les beaux environs.<\/p>\n\n\n\n<p class=\"has-normal-font-size\">Los Zuecos dispose de 2 chambres d&#8217;h\u00f4tes pour 2 personnes \u00e0 louer et d&#8217;un appartement de deux pi\u00e8ces pour 2 \u00e0 4 personnes. Toutes les chambres ont leur propre entr\u00e9e. La chambre De Luxe B&amp;B poss\u00e8de \u00e9galement sa propre terrasse.<\/p>\n\n\n\n<p class=\"has-normal-font-size\">Pr\u00e8s de la piscine se trouve une zone s\u00e9par\u00e9e avec toilettes, \u00e9vier et douche. <br>Le parking sur notre propre propri\u00e9t\u00e9 est gratuit. <br>Une connexion Wi-Fi gratuite est disponible dans l\u2019ensemble de l\u2019h\u00e9bergement.<\/p>\n","protected":false},"excerpt":{"rendered":"<p>Nous sommes Ronald et Anita van Oudheusden, un couple n\u00e9erlandais. En 2018, nous avons \u00e9chang\u00e9 notre existence aux Pays-Bas pour une vie sous le soleil espagnol. Un souhait de longue dur\u00e9e, r\u00e9alis\u00e9 avec l\u2019achat de cette grande maison. Apr\u00e8s une r\u00e9novation dans les mois d\u2019hiver, notre casa rurale a \u00e9t\u00e9 transform\u00e9e en un confortable B &hellip;<\/p>\n<p class=\"read-more\"> <a class=\"\" href=\"https:\/\/loszuecos.com\/?page_id=224&#038;lang=fr\"> <span class=\"screen-reader-text\">Notre Bed &#038; Breakfast<\/span> Lees verder &raquo;<\/a><\/p>\n","protected":false},"author":1,"featured_media":0,"parent":0,"menu_order":0,"comment_status":"closed","ping_status":"closed","template":"","meta":{"footnotes":"","_joinchat":[]},"jetpack_sharing_enabled":true,"_links":{"self":[{"href":"https:\/\/loszuecos.com\/index.php?rest_route=\/wp\/v2\/pages\/224"}],"collection":[{"href":"https:\/\/loszuecos.com\/index.php?rest_route=\/wp\/v2\/pages"}],"about":[{"href":"https:\/\/loszuecos.com\/index.php?rest_route=\/wp\/v2\/types\/page"}],"author":[{"embeddable":true,"href":"https:\/\/loszuecos.com\/index.php?rest_route=\/wp\/v2\/users\/1"}],"replies":[{"embeddable":true,"href":"https:\/\/loszuecos.com\/index.php?rest_route=%2Fwp%2Fv2%2Fcomments&post=224"}],"version-history":[{"count":17,"href":"https:\/\/loszuecos.com\/index.php?rest_route=\/wp\/v2\/pages\/224\/revisions"}],"predecessor-version":[{"id":1378,"href":"https:\/\/loszuecos.com\/index.php?rest_route=\/wp\/v2\/pages\/224\/revisions\/1378"}],"wp:attachment":[{"href":"https:\/\/loszuecos.com\/index.php?rest_route=%2Fwp%2Fv2%2Fmedia&parent=224"}],"curies":[{"name":"wp","href":"https:\/\/api.w.org\/{rel}","templated":true}]}}