{"id":222,"date":"2020-12-19T13:50:28","date_gmt":"2020-12-19T13:50:28","guid":{"rendered":"https:\/\/loszuecos.com\/?page_id=219"},"modified":"2022-12-14T22:00:53","modified_gmt":"2022-12-14T20:00:53","slug":"nuestro-bed-breakfast","status":"publish","type":"page","link":"https:\/\/loszuecos.com\/?page_id=222&lang=es","title":{"rendered":"Nuestra Bed &#038; Breakfast"},"content":{"rendered":"\n<p class=\"has-normal-font-size\">Somos Ronald y Anita van Oudheusden, una pareja holandesa. En 2018 intercambiamos nuestra existencia en los Pa\u00edses Bajos por una vida bajo el sol espa\u00f1ol. Un deseo largamente querido, cumplido con la compra de esta gran casa.<\/p>\n\n\n\n<p class=\"has-normal-font-size\">Tras una renovaci\u00f3n en los meses de invierno, nuestra casa rural se ha transformado en un c\u00f3modo B&amp;B en un hermoso lugar entre Murcia y Aspe, en el interior, en la frontera de la Costa Blanca Sur y la Costa C\u00e1lida.<\/p>\n\n\n\n<div style=\"height:31px\" aria-hidden=\"true\" class=\"wp-block-spacer\"><\/div>\n\n\n\n<figure class=\"wp-block-gallery has-nested-images columns-default is-cropped is-style-square wp-block-gallery-2 is-layout-flex wp-block-gallery-is-layout-flex\">\n<figure class=\"wp-block-image size-large\"><img loading=\"lazy\" decoding=\"async\" width=\"1240\" height=\"1353\" data-attachment-id=\"990\" data-permalink=\"https:\/\/loszuecos.com\/?attachment_id=990\" data-orig-file=\"https:\/\/i0.wp.com\/loszuecos.com\/wp-content\/uploads\/2021\/05\/IMG_5705.jpeg?fit=1240%2C1353&amp;ssl=1\" data-orig-size=\"1240,1353\" data-comments-opened=\"1\" data-image-meta=\"{&quot;aperture&quot;:&quot;1.8&quot;,&quot;credit&quot;:&quot;&quot;,&quot;camera&quot;:&quot;iPhone 11 Pro Max&quot;,&quot;caption&quot;:&quot;&quot;,&quot;created_timestamp&quot;:&quot;1620329738&quot;,&quot;copyright&quot;:&quot;&quot;,&quot;focal_length&quot;:&quot;4.25&quot;,&quot;iso&quot;:&quot;32&quot;,&quot;shutter_speed&quot;:&quot;0.00059594755661502&quot;,&quot;title&quot;:&quot;&quot;,&quot;orientation&quot;:&quot;1&quot;}\" data-image-title=\"\" data-image-description=\"\" data-image-caption=\"\" data-medium-file=\"https:\/\/i0.wp.com\/loszuecos.com\/wp-content\/uploads\/2021\/05\/IMG_5705.jpeg?fit=275%2C300&amp;ssl=1\" data-large-file=\"https:\/\/i0.wp.com\/loszuecos.com\/wp-content\/uploads\/2021\/05\/IMG_5705.jpeg?fit=938%2C1024&amp;ssl=1\" data-id=\"990\" src=\"https:\/\/i0.wp.com\/loszuecos.com\/wp-content\/uploads\/2021\/05\/IMG_5705.jpeg?resize=1240%2C1353&#038;ssl=1\" alt=\"\" class=\"wp-image-990\" srcset=\"https:\/\/i0.wp.com\/loszuecos.com\/wp-content\/uploads\/2021\/05\/IMG_5705.jpeg?w=1240&amp;ssl=1 1240w, https:\/\/i0.wp.com\/loszuecos.com\/wp-content\/uploads\/2021\/05\/IMG_5705.jpeg?resize=275%2C300&amp;ssl=1 275w, https:\/\/i0.wp.com\/loszuecos.com\/wp-content\/uploads\/2021\/05\/IMG_5705.jpeg?resize=938%2C1024&amp;ssl=1 938w, https:\/\/i0.wp.com\/loszuecos.com\/wp-content\/uploads\/2021\/05\/IMG_5705.jpeg?resize=768%2C838&amp;ssl=1 768w\" sizes=\"(max-width: 1000px) 100vw, 1000px\" data-recalc-dims=\"1\" \/><\/figure>\n\n\n\n<figure class=\"wp-block-image size-large\"><img loading=\"lazy\" decoding=\"async\" width=\"1240\" height=\"827\" data-attachment-id=\"993\" data-permalink=\"https:\/\/loszuecos.com\/?attachment_id=993\" data-orig-file=\"https:\/\/i0.wp.com\/loszuecos.com\/wp-content\/uploads\/2021\/05\/P1090264.jpeg?fit=1240%2C827&amp;ssl=1\" data-orig-size=\"1240,827\" data-comments-opened=\"1\" data-image-meta=\"{&quot;aperture&quot;:&quot;5&quot;,&quot;credit&quot;:&quot;&quot;,&quot;camera&quot;:&quot;DC-FZ82&quot;,&quot;caption&quot;:&quot;&quot;,&quot;created_timestamp&quot;:&quot;1620320930&quot;,&quot;copyright&quot;:&quot;&quot;,&quot;focal_length&quot;:&quot;3.6&quot;,&quot;iso&quot;:&quot;80&quot;,&quot;shutter_speed&quot;:&quot;0.001&quot;,&quot;title&quot;:&quot;&quot;,&quot;orientation&quot;:&quot;1&quot;}\" data-image-title=\"\" data-image-description=\"\" data-image-caption=\"\" data-medium-file=\"https:\/\/i0.wp.com\/loszuecos.com\/wp-content\/uploads\/2021\/05\/P1090264.jpeg?fit=300%2C200&amp;ssl=1\" data-large-file=\"https:\/\/i0.wp.com\/loszuecos.com\/wp-content\/uploads\/2021\/05\/P1090264.jpeg?fit=1024%2C683&amp;ssl=1\" data-id=\"993\" src=\"https:\/\/i0.wp.com\/loszuecos.com\/wp-content\/uploads\/2021\/05\/P1090264.jpeg?resize=1240%2C827&#038;ssl=1\" alt=\"\" class=\"wp-image-993\" srcset=\"https:\/\/i0.wp.com\/loszuecos.com\/wp-content\/uploads\/2021\/05\/P1090264.jpeg?w=1240&amp;ssl=1 1240w, https:\/\/i0.wp.com\/loszuecos.com\/wp-content\/uploads\/2021\/05\/P1090264.jpeg?resize=300%2C200&amp;ssl=1 300w, https:\/\/i0.wp.com\/loszuecos.com\/wp-content\/uploads\/2021\/05\/P1090264.jpeg?resize=1024%2C683&amp;ssl=1 1024w, https:\/\/i0.wp.com\/loszuecos.com\/wp-content\/uploads\/2021\/05\/P1090264.jpeg?resize=768%2C512&amp;ssl=1 768w\" sizes=\"(max-width: 1000px) 100vw, 1000px\" data-recalc-dims=\"1\" \/><\/figure>\n\n\n\n<figure class=\"wp-block-image size-large\"><img loading=\"lazy\" decoding=\"async\" width=\"1240\" height=\"827\" data-attachment-id=\"992\" data-permalink=\"https:\/\/loszuecos.com\/?attachment_id=992\" data-orig-file=\"https:\/\/i0.wp.com\/loszuecos.com\/wp-content\/uploads\/2021\/05\/P1090284.jpeg?fit=1240%2C827&amp;ssl=1\" data-orig-size=\"1240,827\" data-comments-opened=\"1\" data-image-meta=\"{&quot;aperture&quot;:&quot;5.6&quot;,&quot;credit&quot;:&quot;&quot;,&quot;camera&quot;:&quot;DC-FZ82&quot;,&quot;caption&quot;:&quot;&quot;,&quot;created_timestamp&quot;:&quot;1620322057&quot;,&quot;copyright&quot;:&quot;&quot;,&quot;focal_length&quot;:&quot;3.6&quot;,&quot;iso&quot;:&quot;80&quot;,&quot;shutter_speed&quot;:&quot;0.001&quot;,&quot;title&quot;:&quot;&quot;,&quot;orientation&quot;:&quot;1&quot;}\" data-image-title=\"\" data-image-description=\"\" data-image-caption=\"\" data-medium-file=\"https:\/\/i0.wp.com\/loszuecos.com\/wp-content\/uploads\/2021\/05\/P1090284.jpeg?fit=300%2C200&amp;ssl=1\" data-large-file=\"https:\/\/i0.wp.com\/loszuecos.com\/wp-content\/uploads\/2021\/05\/P1090284.jpeg?fit=1024%2C683&amp;ssl=1\" data-id=\"992\" src=\"https:\/\/i0.wp.com\/loszuecos.com\/wp-content\/uploads\/2021\/05\/P1090284.jpeg?resize=1240%2C827&#038;ssl=1\" alt=\"\" class=\"wp-image-992\" srcset=\"https:\/\/i0.wp.com\/loszuecos.com\/wp-content\/uploads\/2021\/05\/P1090284.jpeg?w=1240&amp;ssl=1 1240w, https:\/\/i0.wp.com\/loszuecos.com\/wp-content\/uploads\/2021\/05\/P1090284.jpeg?resize=300%2C200&amp;ssl=1 300w, https:\/\/i0.wp.com\/loszuecos.com\/wp-content\/uploads\/2021\/05\/P1090284.jpeg?resize=1024%2C683&amp;ssl=1 1024w, https:\/\/i0.wp.com\/loszuecos.com\/wp-content\/uploads\/2021\/05\/P1090284.jpeg?resize=768%2C512&amp;ssl=1 768w\" sizes=\"(max-width: 1000px) 100vw, 1000px\" data-recalc-dims=\"1\" \/><\/figure>\n\n\n\n<figure class=\"wp-block-image size-large\"><img loading=\"lazy\" decoding=\"async\" width=\"480\" height=\"640\" data-attachment-id=\"1383\" data-permalink=\"https:\/\/loszuecos.com\/?attachment_id=1383\" data-orig-file=\"https:\/\/i0.wp.com\/loszuecos.com\/wp-content\/uploads\/2022\/12\/Van-Iphone.poort-Cr.IMG_1248-4-rotated.jpg?fit=480%2C640&amp;ssl=1\" data-orig-size=\"480,640\" data-comments-opened=\"1\" data-image-meta=\"{&quot;aperture&quot;:&quot;0&quot;,&quot;credit&quot;:&quot;&quot;,&quot;camera&quot;:&quot;&quot;,&quot;caption&quot;:&quot;&quot;,&quot;created_timestamp&quot;:&quot;0&quot;,&quot;copyright&quot;:&quot;&quot;,&quot;focal_length&quot;:&quot;0&quot;,&quot;iso&quot;:&quot;0&quot;,&quot;shutter_speed&quot;:&quot;0&quot;,&quot;title&quot;:&quot;&quot;,&quot;orientation&quot;:&quot;1&quot;}\" data-image-title=\"Van-Iphone.poort-Cr.IMG_1248-4\" data-image-description=\"\" data-image-caption=\"\" data-medium-file=\"https:\/\/i0.wp.com\/loszuecos.com\/wp-content\/uploads\/2022\/12\/Van-Iphone.poort-Cr.IMG_1248-4-rotated.jpg?fit=225%2C300&amp;ssl=1\" data-large-file=\"https:\/\/i0.wp.com\/loszuecos.com\/wp-content\/uploads\/2022\/12\/Van-Iphone.poort-Cr.IMG_1248-4-rotated.jpg?fit=480%2C640&amp;ssl=1\" data-id=\"1383\" src=\"https:\/\/i0.wp.com\/loszuecos.com\/wp-content\/uploads\/2022\/12\/Van-Iphone.poort-Cr.IMG_1248-4-rotated.jpg?resize=480%2C640&#038;ssl=1\" alt=\"\" class=\"wp-image-1383\" srcset=\"https:\/\/i0.wp.com\/loszuecos.com\/wp-content\/uploads\/2022\/12\/Van-Iphone.poort-Cr.IMG_1248-4-rotated.jpg?w=480&amp;ssl=1 480w, https:\/\/i0.wp.com\/loszuecos.com\/wp-content\/uploads\/2022\/12\/Van-Iphone.poort-Cr.IMG_1248-4-rotated.jpg?resize=225%2C300&amp;ssl=1 225w\" sizes=\"(max-width: 480px) 100vw, 480px\" data-recalc-dims=\"1\" \/><\/figure>\n<\/figure>\n\n\n\n<div style=\"height:31px\" aria-hidden=\"true\" class=\"wp-block-spacer\"><\/div>\n\n\n\n<p class=\"has-normal-font-size\">Ven a disfrutar de una de nuestras habitaciones con ba\u00f1o en suite con un delicioso desayuno todos los d\u00edas o en el apartamento donde eres autosuficiente. Los hu\u00e9spedes podr\u00e1n relajarse en la amplia pileta o en el jard\u00edn con vistas a los hermosos alrededores.<\/p>\n\n\n\n<p class=\"has-normal-font-size\">Los Zuecos tiene 2 habitaciones B &amp; B para 2 personas en alquiler y un apartamento de dos habitaciones apto para 2-4 personas. Todas las habitaciones tienen su propia entrada. La habitaci\u00f3n De Luxe B&amp;B tambi\u00e9n tiene su propia terraza. <\/p>\n\n\n\n<p class=\"has-normal-font-size\">Junto a la piscina hay una zona separada con aseo, lavabo y ducha. <br>El estacionamiento en nuestra propia propiedad es gratuito. <br>Hay conexi\u00f3n Wi-Fi gratuita en todo el alojamiento.<\/p>\n","protected":false},"excerpt":{"rendered":"<p>Somos Ronald y Anita van Oudheusden, una pareja holandesa. En 2018 intercambiamos nuestra existencia en los Pa\u00edses Bajos por una vida bajo el sol espa\u00f1ol. Un deseo largamente querido, cumplido con la compra de esta gran casa. Tras una renovaci\u00f3n en los meses de invierno, nuestra casa rural se ha transformado en un c\u00f3modo B&amp;B &hellip;<\/p>\n<p class=\"read-more\"> <a class=\"\" href=\"https:\/\/loszuecos.com\/?page_id=222&#038;lang=es\"> <span class=\"screen-reader-text\">Nuestra Bed &#038; Breakfast<\/span> Lees verder &raquo;<\/a><\/p>\n","protected":false},"author":1,"featured_media":0,"parent":0,"menu_order":0,"comment_status":"closed","ping_status":"closed","template":"","meta":{"footnotes":"","_joinchat":[]},"jetpack_sharing_enabled":true,"_links":{"self":[{"href":"https:\/\/loszuecos.com\/index.php?rest_route=\/wp\/v2\/pages\/222"}],"collection":[{"href":"https:\/\/loszuecos.com\/index.php?rest_route=\/wp\/v2\/pages"}],"about":[{"href":"https:\/\/loszuecos.com\/index.php?rest_route=\/wp\/v2\/types\/page"}],"author":[{"embeddable":true,"href":"https:\/\/loszuecos.com\/index.php?rest_route=\/wp\/v2\/users\/1"}],"replies":[{"embeddable":true,"href":"https:\/\/loszuecos.com\/index.php?rest_route=%2Fwp%2Fv2%2Fcomments&post=222"}],"version-history":[{"count":15,"href":"https:\/\/loszuecos.com\/index.php?rest_route=\/wp\/v2\/pages\/222\/revisions"}],"predecessor-version":[{"id":1384,"href":"https:\/\/loszuecos.com\/index.php?rest_route=\/wp\/v2\/pages\/222\/revisions\/1384"}],"wp:attachment":[{"href":"https:\/\/loszuecos.com\/index.php?rest_route=%2Fwp%2Fv2%2Fmedia&parent=222"}],"curies":[{"name":"wp","href":"https:\/\/api.w.org\/{rel}","templated":true}]}}