{"id":186,"date":"2020-12-18T14:00:38","date_gmt":"2020-12-18T14:00:38","guid":{"rendered":"https:\/\/loszuecos.com\/?page_id=4"},"modified":"2021-01-03T15:01:33","modified_gmt":"2021-01-03T15:01:33","slug":"bienvenue-a-https-loszuecos-com","status":"publish","type":"page","link":"https:\/\/loszuecos.com\/?page_id=186&lang=fr","title":{"rendered":"Bienvenue"},"content":{"rendered":"\n<p><\/p>\n\n\n\n<div class=\"wp-block-image\"><figure class=\"alignleft size-medium is-resized\"><img loading=\"lazy\" decoding=\"async\" data-attachment-id=\"84\" data-permalink=\"https:\/\/loszuecos.com\/?attachment_id=84\" data-orig-file=\"https:\/\/i0.wp.com\/loszuecos.com\/wp-content\/uploads\/2020\/12\/40A3D1FA-0481-429A-B682-3E2A8BDBD9AE.jpeg?fit=2048%2C1536&amp;ssl=1\" data-orig-size=\"2048,1536\" data-comments-opened=\"1\" data-image-meta=\"{&quot;aperture&quot;:&quot;0&quot;,&quot;credit&quot;:&quot;&quot;,&quot;camera&quot;:&quot;&quot;,&quot;caption&quot;:&quot;&quot;,&quot;created_timestamp&quot;:&quot;0&quot;,&quot;copyright&quot;:&quot;&quot;,&quot;focal_length&quot;:&quot;0&quot;,&quot;iso&quot;:&quot;0&quot;,&quot;shutter_speed&quot;:&quot;0&quot;,&quot;title&quot;:&quot;&quot;,&quot;orientation&quot;:&quot;1&quot;}\" data-image-title=\"40A3D1FA-0481-429A-B682-3E2A8BDBD9AE\" data-image-description=\"\" data-image-caption=\"\" data-medium-file=\"https:\/\/i0.wp.com\/loszuecos.com\/wp-content\/uploads\/2020\/12\/40A3D1FA-0481-429A-B682-3E2A8BDBD9AE.jpeg?fit=300%2C225&amp;ssl=1\" data-large-file=\"https:\/\/i0.wp.com\/loszuecos.com\/wp-content\/uploads\/2020\/12\/40A3D1FA-0481-429A-B682-3E2A8BDBD9AE.jpeg?fit=1024%2C768&amp;ssl=1\" src=\"https:\/\/i0.wp.com\/loszuecos.com\/wp-content\/uploads\/2020\/12\/40A3D1FA-0481-429A-B682-3E2A8BDBD9AE.jpeg?resize=553%2C416&#038;ssl=1\" alt=\"\" class=\"wp-image-84\" width=\"553\" height=\"416\" srcset=\"https:\/\/i0.wp.com\/loszuecos.com\/wp-content\/uploads\/2020\/12\/40A3D1FA-0481-429A-B682-3E2A8BDBD9AE.jpeg?resize=300%2C225&amp;ssl=1 300w, https:\/\/i0.wp.com\/loszuecos.com\/wp-content\/uploads\/2020\/12\/40A3D1FA-0481-429A-B682-3E2A8BDBD9AE.jpeg?resize=1024%2C768&amp;ssl=1 1024w, https:\/\/i0.wp.com\/loszuecos.com\/wp-content\/uploads\/2020\/12\/40A3D1FA-0481-429A-B682-3E2A8BDBD9AE.jpeg?resize=768%2C576&amp;ssl=1 768w, https:\/\/i0.wp.com\/loszuecos.com\/wp-content\/uploads\/2020\/12\/40A3D1FA-0481-429A-B682-3E2A8BDBD9AE.jpeg?resize=1536%2C1152&amp;ssl=1 1536w, https:\/\/i0.wp.com\/loszuecos.com\/wp-content\/uploads\/2020\/12\/40A3D1FA-0481-429A-B682-3E2A8BDBD9AE.jpeg?w=2048&amp;ssl=1 2048w\" sizes=\"(max-width: 553px) 100vw, 553px\" data-recalc-dims=\"1\" \/><\/figure><\/div>\n\n\n\n<p class=\"has-normal-font-size\" id=\"block-7844ade5-241f-46f1-9802-3bb170b5c5af\">Bed and Breakfast Los Zuecos en Espagne: un endroit id\u00e9al pour passer des vacances relaxantes ou \u00e0 quelques jours. Los Zuecos se trouve dans la zone ext\u00e9rieure immacul\u00e9e de la ville de Macisvenda (Murcie), \u00e0 un kilom\u00e8tre de la route principale, \u00e0 450m d\u2019altitude et est une casa rurale. La vue tout autour depuis les diff\u00e9rentes terrasses sur les montagnes, les amandiers et les oliveraies est \u00e0 couper le souffle.<\/p>\n\n\n\n<p class=\"has-normal-font-size\" id=\"block-51d69419-12d1-4cc5-b746-a7626c4b628b\">Si vous \u00eates \u00e0 la recherche de paix, d\u2019espace et de beaut\u00e9 naturelle, vous \u00eates certainement au bon endroit. Les seuls sons que vous entendez sont les oiseaux et parfois un tracteur qui est utilis\u00e9 pour prendre soin des champs. \u00c0 la piscine avec transats gratuits, il est merveilleux de se d\u00e9tendre. Ou d\u00e9couvrez la vraie vie espagnole en faisant un voyage dans les petits endroits de la r\u00e9gion.<\/p>\n\n\n\n<div style=\"height:13px\" aria-hidden=\"true\" class=\"wp-block-spacer\"><\/div>\n\n\n\n<p class=\"has-normal-font-size\" id=\"block-eb32e712-e3d4-4b47-9826-721aabd239cf\">Mais aussi pour ceux qui aiment plus d\u2019activit\u00e9, Los Zuecos est une excellente base. Dans les environs imm\u00e9diats, vous trouverez de nombreuses pistes de randonn\u00e9e et de v\u00e9lo et des r\u00e9serves naturelles telles que le Rio Chicamo, orange, mandarine et citronniers et des vignobles avec les itin\u00e9raires de raisin s\u2019accompagnant et bodegas avec leurs propres d\u00e9gustations de vin. En outre, il ya des sources naturelles, des bains de boue et de sel, des grottes et des zones naturelles prot\u00e9g\u00e9es \u00e0 une courte distance. Les amateurs de golf peuvent profiter de l\u2019un des nombreux excellents terrains de golf de Murcie dans la r\u00e9gion autonome de Murcie. Les diff\u00e9rentes plages de la Costa C\u00e1lida sont accessibles en environ 45 minutes.<\/p>\n\n\n\n<p class=\"has-normal-font-size\" id=\"block-b79804fa-417c-4577-b5e0-6fe99f1919ad\">Notre maison est presque \u00e0 la fronti\u00e8re avec le Comunidad Valenciana (province d\u2019Alicante), qui fait \u00e9galement les plages de la Costa Blanca Sud en 30 minutes, ainsi que de plus grands endroits comme Fortuna, Murcie, Aspe, Elche et Alicante.<\/p>\n\n\n\n<p class=\"has-normal-font-size\" id=\"block-f40d04aa-75b3-432a-97bb-85160ce218b4\">En raison de son emplacement, il est n\u00e9cessaire que vous avez une voiture (de location). <\/p>\n\n\n\n<p class=\"has-normal-font-size\" id=\"block-f40d04aa-75b3-432a-97bb-85160ce218b4\">Les enfants de moins de 12 ans et les animaux domestiques ne sont pas admis.<\/p>\n","protected":false},"excerpt":{"rendered":"<p>Bed and Breakfast Los Zuecos en Espagne: un endroit id\u00e9al pour passer des vacances relaxantes ou \u00e0 quelques jours. Los Zuecos se trouve dans la zone ext\u00e9rieure immacul\u00e9e de la ville de Macisvenda (Murcie), \u00e0 un kilom\u00e8tre de la route principale, \u00e0 450m d\u2019altitude et est une casa rurale. La vue tout autour depuis les &hellip;<\/p>\n<p class=\"read-more\"> <a class=\"\" href=\"https:\/\/loszuecos.com\/?page_id=186&#038;lang=fr\"> <span class=\"screen-reader-text\">Bienvenue<\/span> Lees verder &raquo;<\/a><\/p>\n","protected":false},"author":1,"featured_media":0,"parent":0,"menu_order":0,"comment_status":"closed","ping_status":"open","template":"","meta":{"footnotes":"","_joinchat":[]},"jetpack_sharing_enabled":true,"_links":{"self":[{"href":"https:\/\/loszuecos.com\/index.php?rest_route=\/wp\/v2\/pages\/186"}],"collection":[{"href":"https:\/\/loszuecos.com\/index.php?rest_route=\/wp\/v2\/pages"}],"about":[{"href":"https:\/\/loszuecos.com\/index.php?rest_route=\/wp\/v2\/types\/page"}],"author":[{"embeddable":true,"href":"https:\/\/loszuecos.com\/index.php?rest_route=\/wp\/v2\/users\/1"}],"replies":[{"embeddable":true,"href":"https:\/\/loszuecos.com\/index.php?rest_route=%2Fwp%2Fv2%2Fcomments&post=186"}],"version-history":[{"count":11,"href":"https:\/\/loszuecos.com\/index.php?rest_route=\/wp\/v2\/pages\/186\/revisions"}],"predecessor-version":[{"id":824,"href":"https:\/\/loszuecos.com\/index.php?rest_route=\/wp\/v2\/pages\/186\/revisions\/824"}],"wp:attachment":[{"href":"https:\/\/loszuecos.com\/index.php?rest_route=%2Fwp%2Fv2%2Fmedia&parent=186"}],"curies":[{"name":"wp","href":"https:\/\/api.w.org\/{rel}","templated":true}]}}