{"id":183,"date":"2020-12-19T13:01:07","date_gmt":"2020-12-19T13:01:07","guid":{"rendered":"https:\/\/loszuecos.com\/?page_id=183"},"modified":"2021-05-12T13:15:13","modified_gmt":"2021-05-12T12:15:13","slug":"welcome-at-https-loszuecos-com-3","status":"publish","type":"page","link":"https:\/\/loszuecos.com\/?page_id=183&lang=de","title":{"rendered":"Herzlich Willkommen"},"content":{"rendered":"\n<p><\/p>\n\n\n\n<div class=\"wp-block-image\"><figure class=\"alignleft size-medium is-resized\"><img loading=\"lazy\" decoding=\"async\" data-attachment-id=\"84\" data-permalink=\"https:\/\/loszuecos.com\/?attachment_id=84\" data-orig-file=\"https:\/\/i0.wp.com\/loszuecos.com\/wp-content\/uploads\/2020\/12\/40A3D1FA-0481-429A-B682-3E2A8BDBD9AE.jpeg?fit=2048%2C1536&amp;ssl=1\" data-orig-size=\"2048,1536\" data-comments-opened=\"1\" data-image-meta=\"{&quot;aperture&quot;:&quot;0&quot;,&quot;credit&quot;:&quot;&quot;,&quot;camera&quot;:&quot;&quot;,&quot;caption&quot;:&quot;&quot;,&quot;created_timestamp&quot;:&quot;0&quot;,&quot;copyright&quot;:&quot;&quot;,&quot;focal_length&quot;:&quot;0&quot;,&quot;iso&quot;:&quot;0&quot;,&quot;shutter_speed&quot;:&quot;0&quot;,&quot;title&quot;:&quot;&quot;,&quot;orientation&quot;:&quot;1&quot;}\" data-image-title=\"40A3D1FA-0481-429A-B682-3E2A8BDBD9AE\" data-image-description=\"\" data-image-caption=\"\" data-medium-file=\"https:\/\/i0.wp.com\/loszuecos.com\/wp-content\/uploads\/2020\/12\/40A3D1FA-0481-429A-B682-3E2A8BDBD9AE.jpeg?fit=300%2C225&amp;ssl=1\" data-large-file=\"https:\/\/i0.wp.com\/loszuecos.com\/wp-content\/uploads\/2020\/12\/40A3D1FA-0481-429A-B682-3E2A8BDBD9AE.jpeg?fit=1024%2C768&amp;ssl=1\" src=\"https:\/\/i0.wp.com\/loszuecos.com\/wp-content\/uploads\/2020\/12\/40A3D1FA-0481-429A-B682-3E2A8BDBD9AE.jpeg?resize=553%2C416&#038;ssl=1\" alt=\"\" class=\"wp-image-84\" width=\"553\" height=\"416\" srcset=\"https:\/\/i0.wp.com\/loszuecos.com\/wp-content\/uploads\/2020\/12\/40A3D1FA-0481-429A-B682-3E2A8BDBD9AE.jpeg?resize=300%2C225&amp;ssl=1 300w, https:\/\/i0.wp.com\/loszuecos.com\/wp-content\/uploads\/2020\/12\/40A3D1FA-0481-429A-B682-3E2A8BDBD9AE.jpeg?resize=1024%2C768&amp;ssl=1 1024w, https:\/\/i0.wp.com\/loszuecos.com\/wp-content\/uploads\/2020\/12\/40A3D1FA-0481-429A-B682-3E2A8BDBD9AE.jpeg?resize=768%2C576&amp;ssl=1 768w, https:\/\/i0.wp.com\/loszuecos.com\/wp-content\/uploads\/2020\/12\/40A3D1FA-0481-429A-B682-3E2A8BDBD9AE.jpeg?resize=1536%2C1152&amp;ssl=1 1536w, https:\/\/i0.wp.com\/loszuecos.com\/wp-content\/uploads\/2020\/12\/40A3D1FA-0481-429A-B682-3E2A8BDBD9AE.jpeg?w=2048&amp;ssl=1 2048w\" sizes=\"(max-width: 553px) 100vw, 553px\" data-recalc-dims=\"1\" \/><\/figure><\/div>\n\n\n\n<p class=\"has-normal-font-size\" id=\"block-7844ade5-241f-46f1-9802-3bb170b5c5af\">Bed and Breakfast Los Zuecos in Spanien: ein gro\u00dfartiger Ort, um einen erholsamen Urlaub oder nur ein paar Tage entfernt zu verbringen. Los Zuecos liegt im unber\u00fchrten Au\u00dfenbereich der Stadt Macisvenda (Murcia), einen Kilometer von der Hauptstra\u00dfe entfernt, auf 450m H\u00f6he und ist ein casa l\u00e4ndlicher. Die Aussicht rundum von den verschiedenen Terrassen auf die Berge, die Mandel- und Olivenhaine ist atemberaubend.<\/p>\n\n\n\n<p class=\"has-normal-font-size\" id=\"block-51d69419-12d1-4cc5-b746-a7626c4b628b\">Wenn Sie Ruhe, Raum und nat\u00fcrliche Sch\u00f6nheit suchen, sind Sie auf jeden Fall an der richtigen Stelle. Die einzigen Ger\u00e4usche, die Sie h\u00f6ren, sind die V\u00f6gel und manchmal ein Traktor, der verwendet wird, um die Felder zu k\u00fcmmern. Am Pool mit kostenlosen Sonnenliegen ist es wunderbar, sich zu entspannen. Oder erleben Sie das echte spanische Leben, indem Sie einen Ausflug zu den kleinen Orten in der Umgebung machen.<\/p>\n\n\n\n<div style=\"height:13px\" aria-hidden=\"true\" class=\"wp-block-spacer\"><\/div>\n\n\n\n<p class=\"has-normal-font-size\" id=\"block-eb32e712-e3d4-4b47-9826-721aabd239cf\">Aber auch f\u00fcr diejenigen, die mehr Aktivit\u00e4t m\u00f6gen, ist Los Zuecos eine gro\u00dfartige Basis. In unmittelbarer N\u00e4he finden Sie viele Wander- und Radwege und Naturschutzgebiete wie den Rio Chicamo, Orangen-, Mandarinen- und Zitronenplantagen und Weinberge mit den dazugeh\u00f6rigen Traubenrouten und Bodegas mit eigenen Weinproben.<br>Dar\u00fcber hinaus gibt es nat\u00fcrliche Quellen, Schlamm- und Salzb\u00e4der, H\u00f6hlen und gesch\u00fctzte Naturgebiete in unmittelbarer N\u00e4he. Golfliebhaber k\u00f6nnen einen der vielen ausgezeichneten Golfpl\u00e4tze in Murcia in der autonomen Region Murcia genie\u00dfen. Die verschiedenen Str\u00e4nde der Costa C\u00e9lida sind nach etwa 45 Minuten erreichbar.<\/p>\n\n\n\n<p class=\"has-normal-font-size\" id=\"block-b79804fa-417c-4577-b5e0-6fe99f1919ad\">Unser Haus liegt fast an der Grenze zur Comunidad Valenciana (Provinz Alicante), die auch die Str\u00e4nde der Costa Blanca S\u00fcd innerhalb von 30 Minuten macht, sowie gr\u00f6\u00dfere Orte wie Fortuna, Murcia, Aspe, Elche und Alicante.<\/p>\n\n\n\n<p class=\"has-normal-font-size\" id=\"block-f40d04aa-75b3-432a-97bb-85160ce218b4\">Aufgrund seiner Lage ist es notwendig, dass Sie einen (Miet-)Wagen haben. <\/p>\n\n\n\n<p class=\"has-normal-font-size\" id=\"block-f40d04aa-75b3-432a-97bb-85160ce218b4\">Kinder unter 12 Jahren und Haustiere sind nicht gestattet.<\/p>\n","protected":false},"excerpt":{"rendered":"<p>Bed and Breakfast Los Zuecos in Spanien: ein gro\u00dfartiger Ort, um einen erholsamen Urlaub oder nur ein paar Tage entfernt zu verbringen. Los Zuecos liegt im unber\u00fchrten Au\u00dfenbereich der Stadt Macisvenda (Murcia), einen Kilometer von der Hauptstra\u00dfe entfernt, auf 450m H\u00f6he und ist ein casa l\u00e4ndlicher. Die Aussicht rundum von den verschiedenen Terrassen auf die &hellip;<\/p>\n<p class=\"read-more\"> <a class=\"\" href=\"https:\/\/loszuecos.com\/?page_id=183&#038;lang=de\"> <span class=\"screen-reader-text\">Herzlich Willkommen<\/span> Lees verder &raquo;<\/a><\/p>\n","protected":false},"author":1,"featured_media":0,"parent":0,"menu_order":0,"comment_status":"closed","ping_status":"open","template":"","meta":{"footnotes":"","_joinchat":[]},"jetpack_sharing_enabled":true,"_links":{"self":[{"href":"https:\/\/loszuecos.com\/index.php?rest_route=\/wp\/v2\/pages\/183"}],"collection":[{"href":"https:\/\/loszuecos.com\/index.php?rest_route=\/wp\/v2\/pages"}],"about":[{"href":"https:\/\/loszuecos.com\/index.php?rest_route=\/wp\/v2\/types\/page"}],"author":[{"embeddable":true,"href":"https:\/\/loszuecos.com\/index.php?rest_route=\/wp\/v2\/users\/1"}],"replies":[{"embeddable":true,"href":"https:\/\/loszuecos.com\/index.php?rest_route=%2Fwp%2Fv2%2Fcomments&post=183"}],"version-history":[{"count":16,"href":"https:\/\/loszuecos.com\/index.php?rest_route=\/wp\/v2\/pages\/183\/revisions"}],"predecessor-version":[{"id":1206,"href":"https:\/\/loszuecos.com\/index.php?rest_route=\/wp\/v2\/pages\/183\/revisions\/1206"}],"wp:attachment":[{"href":"https:\/\/loszuecos.com\/index.php?rest_route=%2Fwp%2Fv2%2Fmedia&parent=183"}],"curies":[{"name":"wp","href":"https:\/\/api.w.org\/{rel}","templated":true}]}}